{"id":10,"date":"2020-02-15T14:03:37","date_gmt":"2020-02-15T17:03:37","guid":{"rendered":"https:\/\/emsono.com.br\/pilot\/?page_id=10"},"modified":"2024-11-18T03:14:20","modified_gmt":"2024-11-18T07:14:20","slug":"area-restrita","status":"publish","type":"page","link":"https:\/\/emsono.com.br\/pilot\/","title":{"rendered":"\u00c1rea Reservada"},"content":{"rendered":"\t\t<div data-elementor-type=\"wp-page\" data-elementor-id=\"10\" class=\"elementor elementor-10\">\n\t\t\t\t\t\t<section class=\"elementor-section elementor-top-section elementor-element elementor-element-b6d0ca3 elementor-section-boxed elementor-section-height-default elementor-section-height-default\" data-id=\"b6d0ca3\" data-element_type=\"section\">\n\t\t\t\t\t\t<div class=\"elementor-container elementor-column-gap-default\">\n\t\t\t\t\t<div class=\"elementor-column elementor-col-50 elementor-top-column elementor-element elementor-element-c53652c\" data-id=\"c53652c\" data-element_type=\"column\">\n\t\t\t<div class=\"elementor-widget-wrap elementor-element-populated\">\n\t\t\t\t\t\t<div class=\"elementor-element elementor-element-e4e95e1 elementor-widget elementor-widget-image\" data-id=\"e4e95e1\" data-element_type=\"widget\" data-widget_type=\"image.default\">\n\t\t\t\t<div class=\"elementor-widget-container\">\n\t\t\t\t\t\t\t\t\t\t\t\t\t\t\t<img fetchpriority=\"high\" decoding=\"async\" width=\"1024\" height=\"929\" src=\"https:\/\/emsono.com.br\/pilot\/wp-content\/uploads\/2020\/10\/marca-completatagline_18-1024x929.png\" class=\"attachment-large size-large wp-image-2269\" alt=\"\" srcset=\"https:\/\/emsono.com.br\/pilot\/wp-content\/uploads\/2020\/10\/marca-completatagline_18-1024x929.png 1024w, https:\/\/emsono.com.br\/pilot\/wp-content\/uploads\/2020\/10\/marca-completatagline_18-300x272.png 300w, https:\/\/emsono.com.br\/pilot\/wp-content\/uploads\/2020\/10\/marca-completatagline_18-768x697.png 768w, https:\/\/emsono.com.br\/pilot\/wp-content\/uploads\/2020\/10\/marca-completatagline_18-1536x1394.png 1536w, https:\/\/emsono.com.br\/pilot\/wp-content\/uploads\/2020\/10\/marca-completatagline_18-2048x1859.png 2048w\" sizes=\"(max-width: 1024px) 100vw, 1024px\" \/>\t\t\t\t\t\t\t\t\t\t\t\t\t\t\t<\/div>\n\t\t\t\t<\/div>\n\t\t\t\t\t<\/div>\n\t\t<\/div>\n\t\t\t\t<div class=\"elementor-column elementor-col-50 elementor-top-column elementor-element elementor-element-0371d39\" data-id=\"0371d39\" data-element_type=\"column\">\n\t\t\t<div class=\"elementor-widget-wrap elementor-element-populated\">\n\t\t\t\t\t\t<div class=\"elementor-element elementor-element-5ce823d elementor-widget elementor-widget-image\" data-id=\"5ce823d\" data-element_type=\"widget\" data-widget_type=\"image.default\">\n\t\t\t\t<div class=\"elementor-widget-container\">\n\t\t\t\t\t\t\t\t\t\t\t\t\t\t\t<img decoding=\"async\" width=\"500\" height=\"440\" src=\"https:\/\/emsono.com.br\/pilot\/wp-content\/uploads\/2024\/11\/emface-sqrd-logo-k.png\" class=\"attachment-large size-large wp-image-4638\" alt=\"\" srcset=\"https:\/\/emsono.com.br\/pilot\/wp-content\/uploads\/2024\/11\/emface-sqrd-logo-k.png 500w, https:\/\/emsono.com.br\/pilot\/wp-content\/uploads\/2024\/11\/emface-sqrd-logo-k-300x264.png 300w\" sizes=\"(max-width: 500px) 100vw, 500px\" \/>\t\t\t\t\t\t\t\t\t\t\t\t\t\t\t<\/div>\n\t\t\t\t<\/div>\n\t\t\t\t\t<\/div>\n\t\t<\/div>\n\t\t\t\t\t<\/div>\n\t\t<\/section>\n\t\t\t\t<section class=\"elementor-section elementor-top-section elementor-element elementor-element-25899c8 elementor-hidden-desktop elementor-hidden-tablet elementor-hidden-mobile elementor-section-boxed elementor-section-height-default elementor-section-height-default\" data-id=\"25899c8\" data-element_type=\"section\">\n\t\t\t\t\t\t<div class=\"elementor-container elementor-column-gap-default\">\n\t\t\t\t\t<div class=\"elementor-column elementor-col-100 elementor-top-column elementor-element elementor-element-4f8603c\" data-id=\"4f8603c\" data-element_type=\"column\">\n\t\t\t<div class=\"elementor-widget-wrap elementor-element-populated\">\n\t\t\t\t\t\t<div class=\"elementor-element elementor-element-cb809af elementor-widget elementor-widget-text-editor\" data-id=\"cb809af\" data-element_type=\"widget\" data-widget_type=\"text-editor.default\">\n\t\t\t\t<div class=\"elementor-widget-container\">\n\t\t\t\t\t\t\t\t\t<p><b><br \/>COVID-19:<\/b> para agendar um teste, entre em contato com nossos canais de atendimento.<br \/><br \/><span style=\"font-size: 15px;\">Celular (Bras\u00edlia): <\/span><a style=\"font-size: 15px; background-color: #a4d6d0;\" href=\"https:\/\/wa.me\/5561982417838\">(61) 98241-7838<\/a><br \/><span style=\"font-size: 15px; font-style: normal;\">Celular (Manaus): <\/span><a style=\"font-size: 15px; font-style: normal; background-color: #a4d6d0; color: #1e73be;\" href=\"https:\/\/wa.me\/5592982413838\">(92)\u00a098241-3838<\/a><\/p><p><span style=\"font-size: 15px;\">E-mail: <\/span><a style=\"font-size: 15px; background-color: #a4d6d0;\" href=\"mailto:atendimento@emsono.com.br\">atendimento@emsono.com.br<\/a><\/p>\t\t\t\t\t\t\t\t<\/div>\n\t\t\t\t<\/div>\n\t\t\t\t\t<\/div>\n\t\t<\/div>\n\t\t\t\t\t<\/div>\n\t\t<\/section>\n\t\t\t\t<section class=\"elementor-section elementor-top-section elementor-element elementor-element-4f68380 elementor-section-boxed elementor-section-height-default elementor-section-height-default\" data-id=\"4f68380\" data-element_type=\"section\">\n\t\t\t\t\t\t<div class=\"elementor-container elementor-column-gap-default\">\n\t\t\t\t\t<div class=\"elementor-column elementor-col-100 elementor-top-column elementor-element elementor-element-e3fb724\" data-id=\"e3fb724\" data-element_type=\"column\">\n\t\t\t<div class=\"elementor-widget-wrap elementor-element-populated\">\n\t\t\t\t\t\t<div class=\"elementor-element elementor-element-919dc9b elementor-widget-divider--view-line elementor-widget elementor-widget-divider\" data-id=\"919dc9b\" data-element_type=\"widget\" data-widget_type=\"divider.default\">\n\t\t\t\t<div class=\"elementor-widget-container\">\n\t\t\t\t\t\t\t<div class=\"elementor-divider\">\n\t\t\t<span class=\"elementor-divider-separator\">\n\t\t\t\t\t\t<\/span>\n\t\t<\/div>\n\t\t\t\t\t\t<\/div>\n\t\t\t\t<\/div>\n\t\t\t\t\t<\/div>\n\t\t<\/div>\n\t\t\t\t\t<\/div>\n\t\t<\/section>\n\t\t\t\t<section class=\"elementor-section elementor-top-section elementor-element elementor-element-bf1f384 elementor-section-boxed elementor-section-height-default elementor-section-height-default\" data-id=\"bf1f384\" data-element_type=\"section\">\n\t\t\t\t\t\t<div class=\"elementor-container elementor-column-gap-default\">\n\t\t\t\t\t<div class=\"elementor-column elementor-col-50 elementor-top-column elementor-element elementor-element-dc95635\" data-id=\"dc95635\" data-element_type=\"column\">\n\t\t\t<div class=\"elementor-widget-wrap elementor-element-populated\">\n\t\t\t\t\t\t<div class=\"elementor-element elementor-element-cc2d549 elementor-widget elementor-widget-image\" data-id=\"cc2d549\" data-element_type=\"widget\" data-widget_type=\"image.default\">\n\t\t\t\t<div class=\"elementor-widget-container\">\n\t\t\t\t\t\t\t\t\t\t\t\t\t\t\t<img decoding=\"async\" width=\"768\" height=\"432\" src=\"https:\/\/emsono.com.br\/pilot\/wp-content\/uploads\/2020\/10\/card-exames-768x432.jpg\" class=\"attachment-medium_large size-medium_large wp-image-2280\" alt=\"\" srcset=\"https:\/\/emsono.com.br\/pilot\/wp-content\/uploads\/2020\/10\/card-exames-768x432.jpg 768w, https:\/\/emsono.com.br\/pilot\/wp-content\/uploads\/2020\/10\/card-exames-300x169.jpg 300w, https:\/\/emsono.com.br\/pilot\/wp-content\/uploads\/2020\/10\/card-exames-1024x576.jpg 1024w, https:\/\/emsono.com.br\/pilot\/wp-content\/uploads\/2020\/10\/card-exames.jpg 1280w\" sizes=\"(max-width: 768px) 100vw, 768px\" \/>\t\t\t\t\t\t\t\t\t\t\t\t\t\t\t<\/div>\n\t\t\t\t<\/div>\n\t\t\t\t\t<\/div>\n\t\t<\/div>\n\t\t\t\t<div class=\"elementor-column elementor-col-50 elementor-top-column elementor-element elementor-element-608f8fc\" data-id=\"608f8fc\" data-element_type=\"column\">\n\t\t\t<div class=\"elementor-widget-wrap elementor-element-populated\">\n\t\t\t\t\t\t<div class=\"elementor-element elementor-element-9d0a8b4 elementor-widget elementor-widget-heading\" data-id=\"9d0a8b4\" data-element_type=\"widget\" data-widget_type=\"heading.default\">\n\t\t\t\t<div class=\"elementor-widget-container\">\n\t\t\t\t\t<h2 class=\"elementor-heading-title elementor-size-default\">\u00c1rea Reservada<\/h2>\t\t\t\t<\/div>\n\t\t\t\t<\/div>\n\t\t\t\t<div class=\"elementor-element elementor-element-67445a6 elementor-widget elementor-widget-text-editor\" data-id=\"67445a6\" data-element_type=\"widget\" data-widget_type=\"text-editor.default\">\n\t\t\t\t<div class=\"elementor-widget-container\">\n\t\t\t\t\t\t\t\t\t<p>Acesso reservado ao corpo de profissionais da cl\u00ednica e aos pacientes em atendimento, mediante <em>identifica\u00e7\u00e3o<\/em> e <i>senha.<\/i><\/p>\t\t\t\t\t\t\t\t<\/div>\n\t\t\t\t<\/div>\n\t\t\t\t<div class=\"elementor-element elementor-element-ed9045f elementor-widget elementor-widget-shortcode\" data-id=\"ed9045f\" data-element_type=\"widget\" data-widget_type=\"shortcode.default\">\n\t\t\t\t<div class=\"elementor-widget-container\">\n\t\t\t\t\t\t\t<div class=\"elementor-shortcode\"><div class=\"swpm-login-widget-form\">\n    <form id=\"swpm-login-form\" name=\"swpm-login-form\" method=\"post\" action=\"\">\n        <input type=\"hidden\" name=\"swpm_login_origination_flag\" value=\"1\" \/>\n        <div class=\"swpm-login-form-inner\">\n            <div class=\"swpm-username-label\">\n                <label for=\"swpm_user_name\" class=\"swpm-label\">Username or Email<\/label>\n            <\/div>\n            <div class=\"swpm-username-input\">\n                <input type=\"text\" class=\"swpm-text-field swpm-username-field\" id=\"swpm_user_name\" value=\"\" size=\"25\" name=\"swpm_user_name\" \/>\n            <\/div>\n            <div class=\"swpm-password-label\">\n                <label for=\"swpm_password\" class=\"swpm-label\">Senha<\/label>\n            <\/div>\n            <div class=\"swpm-password-input\">                \n                <input type=\"password\" class=\"swpm-text-field swpm-password-field\" id=\"swpm_password\" value=\"\" size=\"25\" name=\"swpm_password\" \/>                \n            <\/div>\n                        <div class=\"swpm-remember-me\">\n                <span class=\"swpm-remember-checkbox\"><input type=\"checkbox\" name=\"rememberme\" id=\"swpm-rememberme\"><\/span>\n                <label for=\"swpm-rememberme\" class=\"swpm-rememberme-label\">\n                    <span class=\"swpm-rember-label\"> Lembrar-me<\/span>\n                <\/label>\n            <\/div>\n\n            <div class=\"swpm-before-login-submit-section\"><\/div>\n\n            <div class=\"swpm-login-submit\">\n                <input type=\"submit\" class=\"swpm-login-form-submit\" name=\"swpm-login\" value=\"Log In\"\/>\n            <\/div>\n            <div class=\"swpm-forgot-pass-link\">\n                <a id=\"forgot_pass\" class=\"swpm-login-form-pw-reset-link\"  href=\"https:\/\/emsono.com.br\/pilot\/redefinir-senha\/\">Esqueceu a senha?<\/a>\n            <\/div>\n                        <div class=\"swpm-join-us-link\">\n                <a id=\"register\" class=\"swpm-login-form-register-link\" href=\"https:\/\/emsono.com.br\/pilot\/membership-join\/\">Junte-se a n\u00f3s<\/a>\n            <\/div>\n                        <div class=\"swpm-login-action-msg\">\n                <span class=\"swpm-login-widget-action-msg\"><\/span>\n            <\/div>\n        <\/div>\n    <\/form>\n<\/div>\n<\/div>\n\t\t\t\t\t\t<\/div>\n\t\t\t\t<\/div>\n\t\t\t\t<div class=\"elementor-element elementor-element-8d9929e elementor-widget elementor-widget-html\" data-id=\"8d9929e\" data-element_type=\"widget\" data-widget_type=\"html.default\">\n\t\t\t\t<div class=\"elementor-widget-container\">\n\t\t\t\t\t<style>\n    .swpm-login-form-submit {\n        border-radius: 2rem!important;\n    }\n    .swpm-login-widget-form {\n        margin: auto;\n        max-width: 80%;\n        text-align: center;\n    }\n<\/style>\t\t\t\t<\/div>\n\t\t\t\t<\/div>\n\t\t\t\t\t<\/div>\n\t\t<\/div>\n\t\t\t\t\t<\/div>\n\t\t<\/section>\n\t\t\t\t<\/div>\n\t\t","protected":false},"excerpt":{"rendered":"<p>COVID-19: para agendar um teste, entre em contato com nossos canais de atendimento. Celular (Bras\u00edlia): (61) 98241-7838Celular (Manaus): (92)\u00a098241-3838 E-mail: atendimento@emsono.com.br \u00c1rea Reservada Acesso reservado ao corpo de profissionais da cl\u00ednica e aos pacientes em atendimento, mediante identifica\u00e7\u00e3o e senha.<\/p>\n","protected":false},"author":1,"featured_media":0,"parent":0,"menu_order":0,"comment_status":"closed","ping_status":"closed","template":"","meta":{"footnotes":""},"class_list":["post-10","page","type-page","status-publish","hentry"],"_links":{"self":[{"href":"https:\/\/emsono.com.br\/pilot\/wp-json\/wp\/v2\/pages\/10","targetHints":{"allow":["GET"]}}],"collection":[{"href":"https:\/\/emsono.com.br\/pilot\/wp-json\/wp\/v2\/pages"}],"about":[{"href":"https:\/\/emsono.com.br\/pilot\/wp-json\/wp\/v2\/types\/page"}],"author":[{"embeddable":true,"href":"https:\/\/emsono.com.br\/pilot\/wp-json\/wp\/v2\/users\/1"}],"replies":[{"embeddable":true,"href":"https:\/\/emsono.com.br\/pilot\/wp-json\/wp\/v2\/comments?post=10"}],"version-history":[{"count":168,"href":"https:\/\/emsono.com.br\/pilot\/wp-json\/wp\/v2\/pages\/10\/revisions"}],"predecessor-version":[{"id":4665,"href":"https:\/\/emsono.com.br\/pilot\/wp-json\/wp\/v2\/pages\/10\/revisions\/4665"}],"wp:attachment":[{"href":"https:\/\/emsono.com.br\/pilot\/wp-json\/wp\/v2\/media?parent=10"}],"curies":[{"name":"wp","href":"https:\/\/api.w.org\/{rel}","templated":true}]}}